{"id":169,"date":"2014-06-29T21:26:41","date_gmt":"2014-06-29T21:26:41","guid":{"rendered":"http:\/\/danielrsaunders.com\/?page_id=169"},"modified":"2016-05-23T11:33:18","modified_gmt":"2016-05-23T11:33:18","slug":"cv","status":"publish","type":"page","link":"http:\/\/danielrsaunders.com\/?page_id=169","title":{"rendered":"R\u00e9sum\u00e9"},"content":{"rendered":"<p><a href=\"http:\/\/danielrsaunders.com\/wp-content\/uploads\/2016\/05\/Saunders-Resume.docx\">My r\u00e9sum\u00e9 in .docx format<\/a><\/p>\n<p><a href=\"http:\/\/danielrsaunders.com\/wp-content\/uploads\/2016\/05\/Saunders-Resume.pdf\">My r\u00e9sum\u00e9 in .pdf format<\/a><\/p>\n<p>&nbsp;<\/p>\n","protected":false},"excerpt":{"rendered":"<p>My r\u00e9sum\u00e9 in .docx format My r\u00e9sum\u00e9 in .pdf format &nbsp;<\/p>\n","protected":false},"author":1,"featured_media":0,"parent":0,"menu_order":0,"comment_status":"closed","ping_status":"closed","template":"","meta":{"footnotes":""},"class_list":["post-169","page","type-page","status-publish","hentry"],"_links":{"self":[{"href":"http:\/\/danielrsaunders.com\/index.php?rest_route=\/wp\/v2\/pages\/169","targetHints":{"allow":["GET"]}}],"collection":[{"href":"http:\/\/danielrsaunders.com\/index.php?rest_route=\/wp\/v2\/pages"}],"about":[{"href":"http:\/\/danielrsaunders.com\/index.php?rest_route=\/wp\/v2\/types\/page"}],"author":[{"embeddable":true,"href":"http:\/\/danielrsaunders.com\/index.php?rest_route=\/wp\/v2\/users\/1"}],"replies":[{"embeddable":true,"href":"http:\/\/danielrsaunders.com\/index.php?rest_route=%2Fwp%2Fv2%2Fcomments&post=169"}],"version-history":[{"count":5,"href":"http:\/\/danielrsaunders.com\/index.php?rest_route=\/wp\/v2\/pages\/169\/revisions"}],"predecessor-version":[{"id":214,"href":"http:\/\/danielrsaunders.com\/index.php?rest_route=\/wp\/v2\/pages\/169\/revisions\/214"}],"wp:attachment":[{"href":"http:\/\/danielrsaunders.com\/index.php?rest_route=%2Fwp%2Fv2%2Fmedia&parent=169"}],"curies":[{"name":"wp","href":"https:\/\/api.w.org\/{rel}","templated":true}]}}